{"id":1553,"date":"2017-11-27T13:55:29","date_gmt":"2017-11-27T12:55:29","guid":{"rendered":"http:\/\/www.reginequeva.fr\/?page_id=1553"},"modified":"2024-05-07T16:55:51","modified_gmt":"2024-05-07T14:55:51","slug":"livres","status":"publish","type":"page","link":"http:\/\/www.reginequeva.fr\/?page_id=1553","title":{"rendered":"Guide des algues de l&rsquo;estran"},"content":{"rendered":"\t\t<div data-elementor-type=\"wp-post\" data-elementor-id=\"1553\" class=\"elementor elementor-1553\" data-elementor-post-type=\"page\">\n\t\t\t\t\t\t<section class=\"elementor-section elementor-top-section elementor-element elementor-element-e30b55c elementor-section-boxed elementor-section-height-default elementor-section-height-default\" data-id=\"e30b55c\" data-element_type=\"section\" data-e-type=\"section\">\n\t\t\t\t\t\t<div class=\"elementor-container elementor-column-gap-default\">\n\t\t\t\t\t<div class=\"elementor-column elementor-col-100 elementor-top-column elementor-element elementor-element-697a8cc\" data-id=\"697a8cc\" data-element_type=\"column\" data-e-type=\"column\">\n\t\t\t<div class=\"elementor-widget-wrap elementor-element-populated\">\n\t\t\t\t\t\t<div class=\"elementor-element elementor-element-d83f9aa elementor-widget elementor-widget-heading\" data-id=\"d83f9aa\" data-element_type=\"widget\" data-e-type=\"widget\" data-widget_type=\"heading.default\">\n\t\t\t\t<div class=\"elementor-widget-container\">\n\t\t\t\t\t<h1 class=\"elementor-heading-title elementor-size-default\">D\u00e9couvrez les algues et apprenez \u00e0 les cuisiner<\/h1>\t\t\t\t<\/div>\n\t\t\t\t<\/div>\n\t\t\t\t\t<\/div>\n\t\t<\/div>\n\t\t\t\t\t<\/div>\n\t\t<\/section>\n\t\t\t\t<section class=\"elementor-section elementor-top-section elementor-element elementor-element-7e08a66 elementor-section-boxed elementor-section-height-default elementor-section-height-default\" data-id=\"7e08a66\" data-element_type=\"section\" data-e-type=\"section\">\n\t\t\t\t\t\t<div class=\"elementor-container elementor-column-gap-default\">\n\t\t\t\t\t<div class=\"elementor-column elementor-col-100 elementor-top-column elementor-element elementor-element-1f62e6a\" data-id=\"1f62e6a\" data-element_type=\"column\" data-e-type=\"column\">\n\t\t\t<div class=\"elementor-widget-wrap elementor-element-populated\">\n\t\t\t\t\t\t<div class=\"elementor-element elementor-element-7519a66 elementor-widget elementor-widget-text-editor\" data-id=\"7519a66\" data-element_type=\"widget\" data-e-type=\"widget\" data-widget_type=\"text-editor.default\">\n\t\t\t\t<div class=\"elementor-widget-container\">\n\t\t\t\t\t\t\t\t\t<p style=\"text-align: center;\"><span style=\"color: #000000;\">Disponible dans de nombreux points de vente et par courrier<br \/><\/span><\/p>\t\t\t\t\t\t\t\t<\/div>\n\t\t\t\t<\/div>\n\t\t\t\t\t<\/div>\n\t\t<\/div>\n\t\t\t\t\t<\/div>\n\t\t<\/section>\n\t\t\t\t<section class=\"elementor-section elementor-top-section elementor-element elementor-element-2e33027 elementor-section-boxed elementor-section-height-default elementor-section-height-default\" data-id=\"2e33027\" data-element_type=\"section\" data-e-type=\"section\">\n\t\t\t\t\t\t<div class=\"elementor-container elementor-column-gap-default\">\n\t\t\t\t\t<div class=\"elementor-column elementor-col-50 elementor-top-column elementor-element elementor-element-cf41e90\" data-id=\"cf41e90\" data-element_type=\"column\" data-e-type=\"column\">\n\t\t\t<div class=\"elementor-widget-wrap elementor-element-populated\">\n\t\t\t\t\t\t<section class=\"elementor-section elementor-inner-section elementor-element elementor-element-292df63 elementor-section-boxed elementor-section-height-default elementor-section-height-default\" data-id=\"292df63\" data-element_type=\"section\" data-e-type=\"section\">\n\t\t\t\t\t\t<div class=\"elementor-container elementor-column-gap-default\">\n\t\t\t\t\t<div class=\"elementor-column elementor-col-50 elementor-inner-column elementor-element elementor-element-a46c7b5\" data-id=\"a46c7b5\" data-element_type=\"column\" data-e-type=\"column\">\n\t\t\t<div class=\"elementor-widget-wrap elementor-element-populated\">\n\t\t\t\t\t\t<div class=\"elementor-element elementor-element-fb0f62b elementor-invisible elementor-widget elementor-widget-image\" data-id=\"fb0f62b\" data-element_type=\"widget\" data-e-type=\"widget\" data-settings=\"{&quot;_animation&quot;:&quot;zoomIn&quot;}\" data-widget_type=\"image.default\">\n\t\t\t\t<div class=\"elementor-widget-container\">\n\t\t\t\t\t\t\t\t\t\t\t\t\t\t\t\t<a href=\"http:\/\/www.reginequeva.fr\/wp-content\/uploads\/2022\/04\/V2-Re\u0301gine-Que\u0301va-Guide-algues-estran-edition-2022-1.png\" data-elementor-open-lightbox=\"yes\" data-elementor-lightbox-title=\"V2-Re\u0301gine-Que\u0301va-Guide-algues-estran-edition-2022-1\" data-e-action-hash=\"#elementor-action%3Aaction%3Dlightbox%26settings%3DeyJpZCI6Nzg0NywidXJsIjoiaHR0cDpcL1wvd3d3LnJlZ2luZXF1ZXZhLmZyXC93cC1jb250ZW50XC91cGxvYWRzXC8yMDIyXC8wNFwvVjItUmVcdTAzMDFnaW5lLVF1ZVx1MDMwMXZhLUd1aWRlLWFsZ3Vlcy1lc3RyYW4tZWRpdGlvbi0yMDIyLTEucG5nIn0%3D\">\n\t\t\t\t\t\t\t<img fetchpriority=\"high\" decoding=\"async\" width=\"707\" height=\"2007\" src=\"http:\/\/www.reginequeva.fr\/wp-content\/uploads\/2022\/04\/V2-Re\u0301gine-Que\u0301va-Guide-algues-estran-edition-2022-1.png\" class=\"attachment-medium_large size-medium_large wp-image-7847\" alt=\"\" srcset=\"http:\/\/www.reginequeva.fr\/wp-content\/uploads\/2022\/04\/V2-Re\u0301gine-Que\u0301va-Guide-algues-estran-edition-2022-1.png 707w, http:\/\/www.reginequeva.fr\/wp-content\/uploads\/2022\/04\/V2-Re\u0301gine-Que\u0301va-Guide-algues-estran-edition-2022-1-106x300.png 106w, http:\/\/www.reginequeva.fr\/wp-content\/uploads\/2022\/04\/V2-Re\u0301gine-Que\u0301va-Guide-algues-estran-edition-2022-1-361x1024.png 361w, http:\/\/www.reginequeva.fr\/wp-content\/uploads\/2022\/04\/V2-Re\u0301gine-Que\u0301va-Guide-algues-estran-edition-2022-1-541x1536.png 541w\" sizes=\"(max-width: 707px) 100vw, 707px\" \/>\t\t\t\t\t\t\t\t<\/a>\n\t\t\t\t\t\t\t\t\t\t\t\t\t\t\t<\/div>\n\t\t\t\t<\/div>\n\t\t\t\t\t<\/div>\n\t\t<\/div>\n\t\t\t\t<div class=\"elementor-column elementor-col-50 elementor-inner-column elementor-element elementor-element-2c5d6f4\" data-id=\"2c5d6f4\" data-element_type=\"column\" data-e-type=\"column\">\n\t\t\t<div class=\"elementor-widget-wrap elementor-element-populated\">\n\t\t\t\t\t\t<div class=\"elementor-element elementor-element-1bb2f42 elementor-invisible elementor-widget elementor-widget-image\" data-id=\"1bb2f42\" data-element_type=\"widget\" data-e-type=\"widget\" data-settings=\"{&quot;_animation&quot;:&quot;zoomIn&quot;}\" data-widget_type=\"image.default\">\n\t\t\t\t<div class=\"elementor-widget-container\">\n\t\t\t\t\t\t\t\t\t\t\t\t\t\t\t\t<a href=\"http:\/\/www.reginequeva.fr\/wp-content\/uploads\/2022\/04\/verso-Re\u0301gine-Que\u0301va-Guide-algues-estran-edition-2022-60.png\" data-elementor-open-lightbox=\"yes\" data-elementor-lightbox-title=\"verso-Re\u0301gine-Que\u0301va-Guide-algues-estran-edition-2022-60\" data-e-action-hash=\"#elementor-action%3Aaction%3Dlightbox%26settings%3DeyJpZCI6Nzg0NiwidXJsIjoiaHR0cDpcL1wvd3d3LnJlZ2luZXF1ZXZhLmZyXC93cC1jb250ZW50XC91cGxvYWRzXC8yMDIyXC8wNFwvdmVyc28tUmVcdTAzMDFnaW5lLVF1ZVx1MDMwMXZhLUd1aWRlLWFsZ3Vlcy1lc3RyYW4tZWRpdGlvbi0yMDIyLTYwLnBuZyJ9\">\n\t\t\t\t\t\t\t<img decoding=\"async\" width=\"707\" height=\"2006\" src=\"http:\/\/www.reginequeva.fr\/wp-content\/uploads\/2022\/04\/verso-Re\u0301gine-Que\u0301va-Guide-algues-estran-edition-2022-60.png\" class=\"attachment-medium_large size-medium_large wp-image-7846\" alt=\"\" srcset=\"http:\/\/www.reginequeva.fr\/wp-content\/uploads\/2022\/04\/verso-Re\u0301gine-Que\u0301va-Guide-algues-estran-edition-2022-60.png 707w, http:\/\/www.reginequeva.fr\/wp-content\/uploads\/2022\/04\/verso-Re\u0301gine-Que\u0301va-Guide-algues-estran-edition-2022-60-106x300.png 106w, http:\/\/www.reginequeva.fr\/wp-content\/uploads\/2022\/04\/verso-Re\u0301gine-Que\u0301va-Guide-algues-estran-edition-2022-60-361x1024.png 361w, http:\/\/www.reginequeva.fr\/wp-content\/uploads\/2022\/04\/verso-Re\u0301gine-Que\u0301va-Guide-algues-estran-edition-2022-60-541x1536.png 541w\" sizes=\"(max-width: 707px) 100vw, 707px\" \/>\t\t\t\t\t\t\t\t<\/a>\n\t\t\t\t\t\t\t\t\t\t\t\t\t\t\t<\/div>\n\t\t\t\t<\/div>\n\t\t\t\t\t<\/div>\n\t\t<\/div>\n\t\t\t\t\t<\/div>\n\t\t<\/section>\n\t\t\t\t<div class=\"elementor-element elementor-element-75092b9 elementor-widget elementor-widget-text-editor\" data-id=\"75092b9\" data-element_type=\"widget\" data-e-type=\"widget\" data-widget_type=\"text-editor.default\">\n\t\t\t\t<div class=\"elementor-widget-container\">\n\t\t\t\t\t\t\t\t\t<p style=\"text-align: center;\">32 ALGUES ET 12 RECETTES<\/p><p style=\"text-align: center;\">Un petit guide complet pour apprendre \u00e0 reconnaitre, cueillir et cuisiner les algues !<\/p>\t\t\t\t\t\t\t\t<\/div>\n\t\t\t\t<\/div>\n\t\t\t\t<div class=\"elementor-element elementor-element-8c60dba elementor-widget elementor-widget-text-editor\" data-id=\"8c60dba\" data-element_type=\"widget\" data-e-type=\"widget\" data-widget_type=\"text-editor.default\">\n\t\t\t\t<div class=\"elementor-widget-container\">\n\t\t\t\t\t\t\t\t\t<h4 style=\"font-variant-ligatures: normal; font-variant-caps: normal; font-family: 'Open Sans', sans-serif; font-style: normal; text-align: center;\">Par correspondance<\/h4><h4 style=\"font-variant-ligatures: normal; font-variant-caps: normal; font-family: 'Open Sans', sans-serif; font-style: normal; text-align: center;\">10 \u20ac le guide (frais de port compris)<\/h4><h4 style=\"font-variant-ligatures: normal; font-variant-caps: normal; font-family: 'Open Sans', sans-serif; font-style: normal; text-align: center;\"><span style=\"font-size: 17px; font-weight: 600;\">1 guide offert pour 10 command\u00e9s\u00a0<\/span><\/h4><h4 style=\"font-variant-ligatures: normal; font-variant-caps: normal; font-family: 'Open Sans', sans-serif; font-style: normal; text-align: center;\">80 \u20ac + 10 \u20ac de frais de port<\/h4>\t\t\t\t\t\t\t\t<\/div>\n\t\t\t\t<\/div>\n\t\t\t\t<div class=\"elementor-element elementor-element-4ad7c24 elementor-widget elementor-widget-text-editor\" data-id=\"4ad7c24\" data-element_type=\"widget\" data-e-type=\"widget\" data-widget_type=\"text-editor.default\">\n\t\t\t\t<div class=\"elementor-widget-container\">\n\t\t\t\t\t\t\t\t\t<p>Ch\u00e8que \u00e0 envoyer \u00e0 :\u00a0<\/p><p>R\u00e9gine Qu\u00e9va, Kerzello-Vian, 22310 Plufur<\/p><p>libell\u00e9 \u00e0 l\u2019ordre de R\u00e9gine Qu\u00e9va<\/p>\t\t\t\t\t\t\t\t<\/div>\n\t\t\t\t<\/div>\n\t\t\t\t\t<\/div>\n\t\t<\/div>\n\t\t\t\t<div class=\"elementor-column elementor-col-50 elementor-top-column elementor-element elementor-element-60cc150\" data-id=\"60cc150\" data-element_type=\"column\" data-e-type=\"column\">\n\t\t\t<div class=\"elementor-widget-wrap elementor-element-populated\">\n\t\t\t\t\t\t<div class=\"elementor-element elementor-element-0ff2fe8 elementor-widget elementor-widget-image\" data-id=\"0ff2fe8\" data-element_type=\"widget\" data-e-type=\"widget\" data-widget_type=\"image.default\">\n\t\t\t\t<div class=\"elementor-widget-container\">\n\t\t\t\t\t\t\t\t\t\t\t\t\t\t\t<img decoding=\"async\" width=\"769\" height=\"1024\" src=\"http:\/\/www.reginequeva.fr\/wp-content\/uploads\/2022\/04\/Guide-algues-estran-edition-2022_3D-769x1024.png\" class=\"attachment-large size-large wp-image-7848\" alt=\"\" srcset=\"http:\/\/www.reginequeva.fr\/wp-content\/uploads\/2022\/04\/Guide-algues-estran-edition-2022_3D-769x1024.png 769w, http:\/\/www.reginequeva.fr\/wp-content\/uploads\/2022\/04\/Guide-algues-estran-edition-2022_3D-225x300.png 225w, http:\/\/www.reginequeva.fr\/wp-content\/uploads\/2022\/04\/Guide-algues-estran-edition-2022_3D-768x1022.png 768w, http:\/\/www.reginequeva.fr\/wp-content\/uploads\/2022\/04\/Guide-algues-estran-edition-2022_3D.png 800w\" sizes=\"(max-width: 769px) 100vw, 769px\" \/>\t\t\t\t\t\t\t\t\t\t\t\t\t\t\t<\/div>\n\t\t\t\t<\/div>\n\t\t\t\t<div class=\"elementor-element elementor-element-d663e58 elementor-widget elementor-widget-heading\" data-id=\"d663e58\" data-element_type=\"widget\" data-e-type=\"widget\" data-widget_type=\"heading.default\">\n\t\t\t\t<div class=\"elementor-widget-container\">\n\t\t\t\t\t<h2 class=\"elementor-heading-title elementor-size-default\">Disponibles dans les points de vente suivants (sous r\u00e9serve d'approvisionnement)<\/h2>\t\t\t\t<\/div>\n\t\t\t\t<\/div>\n\t\t\t\t<div class=\"elementor-element elementor-element-96bd9e0 elementor-widget elementor-widget-text-editor\" data-id=\"96bd9e0\" data-element_type=\"widget\" data-e-type=\"widget\" data-widget_type=\"text-editor.default\">\n\t\t\t\t<div class=\"elementor-widget-container\">\n\t\t\t\t\t\t\t\t\t<div>Office du tourisme \u2022 Lesneven 29260<\/div><div>\u00a0<\/div><div>L&rsquo;ivresse des Mots <br \/>4, rte de St Sauveur <br \/>29400 Lampaul Guimiliau<\/div><div>\u00a0<\/div><div>Librairie DIALOGUES, Rue de Siam \u2022<br \/>29200 Brest<\/div><div><br \/>La Maison de l\u2019Algue \u2022 Quai de Cambarell\u00a0 \u2022 29840 LANILDUT\u00a0\u00a0 <\/div><div>\u00a0<\/div><div><p>Biocoop \u2022 22 300 Lannion &amp; Perros-Guirec<\/p><p>Abbaye de Beauport \u2022 22 Paimpol<\/p><\/div><div>Librairie-presse La mouette \u00e0 la page \u2022 11 place de la duchesse Anne \u202256370 Sarzeau<\/div><div>\u00a0<\/div><div>L&rsquo;arborescente \u2022 Librairie Bouquinerie \u2022 11 place du march\u00e9 \u2022 44420 La Turballe<\/div><div>\u00a0<\/div><p>Librairie La g\u00e8de aux livres \u2022\u00a044740 Batz-sur-Mer<\/p><p>L\u2019Embellie librairie-salon de th\u00e9 \u2022 44760 La Bernerie en Retz<\/p><p>Librairie L\u2019esprit Large \u2022 12 rue Vannetaise \u2022 Gu\u00e9rande 44350\u00a0\u00a0\u00a0 \u00a0\u00a0\u00a0<\/p><p>Librairie l&rsquo;Encre bleue \u2022 13 bis rue du Mar\u00e9chal Foch \u2022 44210 Pornic<\/p><p>Bouquinerie L\u2019EXQUIMOT\u2022 32 rue Saint-Catherine \u2022 44160 Pontchateau<\/p><p>LIBRAIRIE LES CERFS-VOLANTS \u2022 15 rue de l&rsquo;\u00e9glise \u2022 44490 Le Croisic<\/p>\t\t\t\t\t\t\t\t<\/div>\n\t\t\t\t<\/div>\n\t\t\t\t\t<\/div>\n\t\t<\/div>\n\t\t\t\t\t<\/div>\n\t\t<\/section>\n\t\t\t\t<\/div>\n\t\t","protected":false},"excerpt":{"rendered":"<p>D\u00e9couvrez les algues et apprenez \u00e0 les cuisiner Disponible dans de nombreux points de vente et par courrier 32 ALGUES ET 12 RECETTES Un petit guide complet pour apprendre \u00e0 reconnaitre, cueillir et cuisiner les algues ! Par correspondance 10 \u20ac le guide (frais de port compris) 1 guide offert pour 10 command\u00e9s\u00a0 80 \u20ac [&hellip;]<\/p>\n","protected":false},"author":1,"featured_media":1690,"parent":0,"menu_order":0,"comment_status":"closed","ping_status":"closed","template":"","meta":{"_crdt_document":"","ocean_post_layout":"","ocean_both_sidebars_style":"","ocean_both_sidebars_content_width":0,"ocean_both_sidebars_sidebars_width":0,"ocean_sidebar":"0","ocean_second_sidebar":"0","ocean_disable_margins":"enable","ocean_add_body_class":"","ocean_shortcode_before_top_bar":"","ocean_shortcode_after_top_bar":"","ocean_shortcode_before_header":"","ocean_shortcode_after_header":"","ocean_has_shortcode":"","ocean_shortcode_after_title":"","ocean_shortcode_before_footer_widgets":"","ocean_shortcode_after_footer_widgets":"","ocean_shortcode_before_footer_bottom":"","ocean_shortcode_after_footer_bottom":"","ocean_display_top_bar":"default","ocean_display_header":"default","ocean_header_style":"","ocean_center_header_left_menu":"0","ocean_custom_header_template":"0","ocean_custom_logo":0,"ocean_custom_retina_logo":0,"ocean_custom_logo_max_width":0,"ocean_custom_logo_tablet_max_width":0,"ocean_custom_logo_mobile_max_width":0,"ocean_custom_logo_max_height":0,"ocean_custom_logo_tablet_max_height":0,"ocean_custom_logo_mobile_max_height":0,"ocean_header_custom_menu":"0","ocean_menu_typo_font_family":"0","ocean_menu_typo_font_subset":"","ocean_menu_typo_font_size":0,"ocean_menu_typo_font_size_tablet":0,"ocean_menu_typo_font_size_mobile":0,"ocean_menu_typo_font_size_unit":"px","ocean_menu_typo_font_weight":"","ocean_menu_typo_font_weight_tablet":"","ocean_menu_typo_font_weight_mobile":"","ocean_menu_typo_transform":"","ocean_menu_typo_transform_tablet":"","ocean_menu_typo_transform_mobile":"","ocean_menu_typo_line_height":0,"ocean_menu_typo_line_height_tablet":0,"ocean_menu_typo_line_height_mobile":0,"ocean_menu_typo_line_height_unit":"","ocean_menu_typo_spacing":0,"ocean_menu_typo_spacing_tablet":0,"ocean_menu_typo_spacing_mobile":0,"ocean_menu_typo_spacing_unit":"","ocean_menu_link_color":"","ocean_menu_link_color_hover":"","ocean_menu_link_color_active":"","ocean_menu_link_background":"","ocean_menu_link_hover_background":"","ocean_menu_link_active_background":"","ocean_menu_social_links_bg":"","ocean_menu_social_hover_links_bg":"","ocean_menu_social_links_color":"","ocean_menu_social_hover_links_color":"","ocean_disable_title":"default","ocean_disable_heading":"default","ocean_post_title":"","ocean_post_subheading":"","ocean_post_title_style":"","ocean_post_title_background_color":"","ocean_post_title_background":0,"ocean_post_title_bg_image_position":"","ocean_post_title_bg_image_attachment":"","ocean_post_title_bg_image_repeat":"","ocean_post_title_bg_image_size":"","ocean_post_title_height":0,"ocean_post_title_bg_overlay":0.5,"ocean_post_title_bg_overlay_color":"","ocean_disable_breadcrumbs":"default","ocean_breadcrumbs_color":"","ocean_breadcrumbs_separator_color":"","ocean_breadcrumbs_links_color":"","ocean_breadcrumbs_links_hover_color":"","ocean_display_footer_widgets":"default","ocean_display_footer_bottom":"default","ocean_custom_footer_template":"0","footnotes":""},"class_list":["post-1553","page","type-page","status-publish","has-post-thumbnail","hentry","entry","has-media"],"_links":{"self":[{"href":"http:\/\/www.reginequeva.fr\/index.php?rest_route=\/wp\/v2\/pages\/1553","targetHints":{"allow":["GET"]}}],"collection":[{"href":"http:\/\/www.reginequeva.fr\/index.php?rest_route=\/wp\/v2\/pages"}],"about":[{"href":"http:\/\/www.reginequeva.fr\/index.php?rest_route=\/wp\/v2\/types\/page"}],"author":[{"embeddable":true,"href":"http:\/\/www.reginequeva.fr\/index.php?rest_route=\/wp\/v2\/users\/1"}],"replies":[{"embeddable":true,"href":"http:\/\/www.reginequeva.fr\/index.php?rest_route=%2Fwp%2Fv2%2Fcomments&post=1553"}],"version-history":[{"count":83,"href":"http:\/\/www.reginequeva.fr\/index.php?rest_route=\/wp\/v2\/pages\/1553\/revisions"}],"predecessor-version":[{"id":9203,"href":"http:\/\/www.reginequeva.fr\/index.php?rest_route=\/wp\/v2\/pages\/1553\/revisions\/9203"}],"wp:featuredmedia":[{"embeddable":true,"href":"http:\/\/www.reginequeva.fr\/index.php?rest_route=\/wp\/v2\/media\/1690"}],"wp:attachment":[{"href":"http:\/\/www.reginequeva.fr\/index.php?rest_route=%2Fwp%2Fv2%2Fmedia&parent=1553"}],"curies":[{"name":"wp","href":"https:\/\/api.w.org\/{rel}","templated":true}]}}