{"id":2872,"date":"2018-12-11T19:11:33","date_gmt":"2018-12-11T18:11:33","guid":{"rendered":"http:\/\/www.reginequeva.fr\/?page_id=2872"},"modified":"2022-03-07T12:17:24","modified_gmt":"2022-03-07T11:17:24","slug":"conferences-sur-les-algues","status":"publish","type":"page","link":"http:\/\/www.reginequeva.fr\/?page_id=2872","title":{"rendered":"CONF\u00c9RENCES"},"content":{"rendered":"\t\t<div data-elementor-type=\"wp-page\" data-elementor-id=\"2872\" class=\"elementor elementor-2872\" data-elementor-post-type=\"page\">\n\t\t\t\t\t\t<section class=\"elementor-section elementor-top-section elementor-element elementor-element-dc4b826 elementor-section-boxed elementor-section-height-default elementor-section-height-default\" data-id=\"dc4b826\" data-element_type=\"section\" data-e-type=\"section\" data-settings=\"{&quot;background_background&quot;:&quot;classic&quot;}\">\n\t\t\t\t\t\t<div class=\"elementor-container elementor-column-gap-default\">\n\t\t\t\t\t<div class=\"elementor-column elementor-col-100 elementor-top-column elementor-element elementor-element-e8b3a21\" data-id=\"e8b3a21\" data-element_type=\"column\" data-e-type=\"column\">\n\t\t\t<div class=\"elementor-widget-wrap elementor-element-populated\">\n\t\t\t\t\t\t<div class=\"elementor-element elementor-element-6000af1 elementor-widget elementor-widget-heading\" data-id=\"6000af1\" data-element_type=\"widget\" data-e-type=\"widget\" data-widget_type=\"heading.default\">\n\t\t\t\t<div class=\"elementor-widget-container\">\n\t\t\t\t\t<h1 class=\"elementor-heading-title elementor-size-default\">Vous souhaitez une conf\u00e9rence ? Quelle bonne id\u00e9e !<\/h1>\t\t\t\t<\/div>\n\t\t\t\t<\/div>\n\t\t\t\t<div class=\"elementor-element elementor-element-f9437b9 elementor-widget elementor-widget-text-editor\" data-id=\"f9437b9\" data-element_type=\"widget\" data-e-type=\"widget\" data-widget_type=\"text-editor.default\">\n\t\t\t\t<div class=\"elementor-widget-container\">\n\t\t\t\t\t\t\t\t\t<p>Choisissez le th\u00e8me\u00a0.<br \/>Ces conf\u00e9rences peuvent \u00eatre suivies d\u2019une d\u00e9gustation.\u00a0<br \/><a href=\"http:\/\/www.reginequeva.fr\/?page_id=761\" target=\"_blank\" rel=\"noopener\">Me contacter pour un devis<\/a><\/p>\t\t\t\t\t\t\t\t<\/div>\n\t\t\t\t<\/div>\n\t\t\t\t\t<\/div>\n\t\t<\/div>\n\t\t\t\t\t<\/div>\n\t\t<\/section>\n\t\t\t\t<section class=\"elementor-section elementor-top-section elementor-element elementor-element-f92eea6 elementor-section-boxed elementor-section-height-default elementor-section-height-default\" data-id=\"f92eea6\" data-element_type=\"section\" data-e-type=\"section\">\n\t\t\t\t\t\t<div class=\"elementor-container elementor-column-gap-default\">\n\t\t\t\t\t<div class=\"elementor-column elementor-col-100 elementor-top-column elementor-element elementor-element-3ee45ea\" data-id=\"3ee45ea\" data-element_type=\"column\" data-e-type=\"column\">\n\t\t\t<div class=\"elementor-widget-wrap elementor-element-populated\">\n\t\t\t\t\t\t<div class=\"elementor-element elementor-element-e83efc5 elementor-tabs-view-horizontal elementor-widget elementor-widget-tabs\" data-id=\"e83efc5\" data-element_type=\"widget\" data-e-type=\"widget\" data-widget_type=\"tabs.default\">\n\t\t\t\t<div class=\"elementor-widget-container\">\n\t\t\t\t\t\t\t<div class=\"elementor-tabs\">\n\t\t\t<div class=\"elementor-tabs-wrapper\" role=\"tablist\" >\n\t\t\t\t\t\t\t\t\t<div id=\"elementor-tab-title-2431\" class=\"elementor-tab-title elementor-tab-desktop-title\" aria-selected=\"true\" data-tab=\"1\" role=\"tab\" tabindex=\"0\" aria-controls=\"elementor-tab-content-2431\" aria-expanded=\"false\">Conf\u00e9rences sur les algues<\/div>\n\t\t\t\t\t\t\t\t\t<div id=\"elementor-tab-title-2432\" class=\"elementor-tab-title elementor-tab-desktop-title\" aria-selected=\"false\" data-tab=\"2\" role=\"tab\" tabindex=\"-1\" aria-controls=\"elementor-tab-content-2432\" aria-expanded=\"false\">Conf\u00e9rences sur les produits naturels<\/div>\n\t\t\t\t\t\t\t<\/div>\n\t\t\t<div class=\"elementor-tabs-content-wrapper\" role=\"tablist\" aria-orientation=\"vertical\">\n\t\t\t\t\t\t\t\t\t<div class=\"elementor-tab-title elementor-tab-mobile-title\" aria-selected=\"true\" data-tab=\"1\" role=\"tab\" tabindex=\"0\" aria-controls=\"elementor-tab-content-2431\" aria-expanded=\"false\">Conf\u00e9rences sur les algues<\/div>\n\t\t\t\t\t<div id=\"elementor-tab-content-2431\" class=\"elementor-tab-content elementor-clearfix\" data-tab=\"1\" role=\"tabpanel\" aria-labelledby=\"elementor-tab-title-2431\" tabindex=\"0\" hidden=\"false\"><p><span style=\"color: #333333;\"><strong>\u2022 Les algues c&rsquo;est la sant\u00e9 !<\/strong><\/span><br data-rich-text-line-break=\"true\" \/>Les algues sont-elles vraiment bonnes pour\u00a0notre sant\u00e9 ? Que nous apportent-elles ? Y a-t-il des risques \u00e0 consommer les algues ? Cette conf\u00e9rence fait le point sur les nutriments pr\u00e9sents dans les algues et leur lien avec notre sant\u00e9.<\/p><p><br data-rich-text-line-break=\"true\" \/><span style=\"color: #333333;\"><strong>\u2022 Comment cuisiner les algues ?\u00a0Conf\u00e9rence culinaire<\/strong><\/span><br data-rich-text-line-break=\"true\" \/>D&rsquo;une exceptionnelle richesse nutritionnelle, les algues sont encore peu utilis\u00e9es en Europe. On conna\u00eet leurs nombreuses vertus (magn\u00e9sium, iode, vitamines, prot\u00e9ines, fibres, antioxydants, om\u00e9ga-3) mais on sait peu les cuisiner. Comment utiliser les algues s\u00e8ches en paillettes ou en feuilles ? Avec quels ingr\u00e9dients ? Comment cuisiner les algues fra\u00eeches et comment les dessaler ? Cette conf\u00e9rence pr\u00e9sente les diff\u00e9rentes algues disponibles sur le march\u00e9 (kombu, dulse, haricots de mer\u2026) et propose des recettes simples pour les accommoder ou les cuisiner.<\/p><p><span style=\"color: #333333;\"><strong>\u2022 D\u00e9monstration culinaire<\/strong><\/span><br data-rich-text-line-break=\"true\" \/>Une\u00a0d\u00e9monstration culinaire allie la cuisine aux algues et des conseils et des informations. Une ou deux recettes sont r\u00e9alis\u00e9es devant public (avec retransmission sur grand \u00e9cran si possible). Au fil de la recette, beaucoup d&rsquo;informations sont donn\u00e9es (nutrition-sant\u00e9, technique de cuisine, diff\u00e9rents types d&rsquo;algues&#8230;), puis\u00a0la recette est d\u00e9gust\u00e9e par le public.<\/p><p><br data-rich-text-line-break=\"true\" \/><span style=\"color: #333333;\"><strong>\u2022 Beaut\u00e9 et sant\u00e9 par les algues<\/strong><\/span><br data-rich-text-line-break=\"true\" \/>Savez-vous que les algues sont pr\u00e9sentes dans de nombreux cosm\u00e9tiques ? Mais savez vous lesquelles et\u00a0pourquoi ? Cette conf\u00e9rence explique les bienfaits r\u00e9els des algues sur la peau, sur les os et d&rsquo;une mani\u00e8re g\u00e9n\u00e9rale sur notre sant\u00e9.<\/p><p><br data-rich-text-line-break=\"true\" \/><span style=\"color: #333333;\"><strong>\u2022 Algues qui soignent<\/strong><\/span><br data-rich-text-line-break=\"true\" \/>L&rsquo;algoth\u00e9rapie existe depuis des milliers d&rsquo;ann\u00e9es. En Chine, en Egypte et aussi en Gr\u00e8ce et chez les Romains, les soins des algues \u00e9taient connus. Quelles algues \u00e9taient utilis\u00e9es et \u00e0 quelles fins ? Cette conf\u00e9rence fait le tour de la question en s&rsquo;arr\u00eatant aussi sur les m\u00e9decins qui, comme Ren\u00e9 Quinton, ont compris l&rsquo;importance de l&rsquo;eau de mer pour la sant\u00e9.<\/p><p><br data-rich-text-line-break=\"true\" \/><span style=\"color: #333333;\"><strong>\u2022 Algues au jardin<\/strong><\/span><br data-rich-text-line-break=\"true\" \/>Sur le littoral, il existe une tradition de r\u00e9colte d&rsquo;algues comme amendement. Mais lesquelles prendre ?\u00a0Et pourquoi ? Sont-elles toutes int\u00e9ressantes pour la terre ? Faut-il les dessaler comme on le dit souvent ? Cette conf\u00e9rence permet de faire le lien entre la\u00a0tradition maritime et les derni\u00e8res recherches sur les algues et leur effets sur les v\u00e9g\u00e9taux.<\/p><p><br data-rich-text-line-break=\"true\" \/><span style=\"color: #333333;\"><strong>\u2022 Les algues : dans l&rsquo;assiette tous les jours<\/strong><\/span><br data-rich-text-line-break=\"true\" \/>Les algues sont dans votre assiette tous les jours, \u00e0 votre insu. Sans saveur, sans couleur et sans odeur, elles jouent un\u00a0r\u00f4le\u00a0pr\u00e9pond\u00e9rant dans l&rsquo;agro-alimentaire.\u00a0Quelles algues sont utilis\u00e9es ? Pourquoi et comment ?\u00a0D\u00e9couvrez au cours de cette conf\u00e9rence les diff\u00e9rentes\u00a0utilisations des algues dans l&rsquo;alimentaire et surtout leur large potentiel peu exploit\u00e9 de nos jours.<\/p><\/div>\n\t\t\t\t\t\t\t\t\t<div class=\"elementor-tab-title elementor-tab-mobile-title\" aria-selected=\"false\" data-tab=\"2\" role=\"tab\" tabindex=\"-1\" aria-controls=\"elementor-tab-content-2432\" aria-expanded=\"false\">Conf\u00e9rences sur les produits naturels<\/div>\n\t\t\t\t\t<div id=\"elementor-tab-content-2432\" class=\"elementor-tab-content elementor-clearfix\" data-tab=\"2\" role=\"tabpanel\" aria-labelledby=\"elementor-tab-title-2432\" tabindex=\"0\" hidden=\"hidden\"><div><div class=\"\"><span style=\"color: #333333;\"><strong>La R\u00e9volution Quotidienne<\/strong><\/span><\/div><div class=\"\"><span style=\"color: #333333;\"><em>Les petits gestes font les grands changements<\/em><\/span><\/div><div class=\"\">Face \u00e0 l\u2019ampleur des d\u00e9sastres, nous n\u2019avons plus le temps d\u2019attendre, plus de temps de chipoter. L\u2019urgence est l\u00e0, il faut agir. Mais comment faire concr\u00e8tement ? Par quoi commencer ? Les solutions sont parfois simples, \u00e9conomiques, \u00e9cologiques, \u00e0 la port\u00e9e de tous-tes.<\/div><div class=\"\">Cette conf\u00e9rence pr\u00e9sente les actions de la vie quotidienne qui peuvent changer le monde en restaurant un sentiment de libert\u00e9, en \u0153uvrant pour une meilleure \u00e9galit\u00e9 et en d\u00e9veloppant la fraternit\u00e9 et la sororit\u00e9. C\u2019est un monde plus humain et plus proche de la Nature que nous devons b\u00e2tir. Le monde changera par nos actions silencieuses et ce sera une R\u00e9volution Quotidienne.<\/div><div>\u00a0<\/div><\/div><div class=\"\"><span style=\"color: #333333;\"><b class=\"\">Les produits naturels : bienfaits et usages au quotidien<\/b><\/span><\/div><div class=\"\">Peut-on remplacer les produits chimiques par des produits naturels dans la maison et dans la vie quotidienne? Quels produits utiliser et comment? D\u00e9couvrez les diff\u00e9rentes utilisations du bicarbonate de soude, de l\u2019argile et du vinaigre au cours de cette conf\u00e9rence visuelle et participative.<br class=\"\" \/>Comment utiliser l\u2019argile, le bicarbonate de soude? Quand les utiliser? Quels usages peut-on faire du vinaigre dans la vie courante? D\u00e9couvrez les r\u00e9ponses \u00e0 ces questions et apprenez mille et une petites astuces au cours d&rsquo;une conf\u00e9rence anim\u00e9e par R\u00e9gine Qu\u00e9va, auteure de livres sur les produits naturels.<\/div><div class=\"\">\u00a0<\/div><div class=\"\"><span style=\"color: #333333;\"><b class=\"\">Algues et produits naturels au jardin<\/b><\/span><\/div><div class=\"\">Quels produits\u00a0naturels utiliser au jardin ? Comment faire un insecticide bio ou une pommade\u00a0pour les\u00a0v\u00e9g\u00e9taux ? Quelles algues sont b\u00e9n\u00e9fiques pour les l\u00e9gumes, les arbres\u00a0fruitiers et comment les utiliser ? Faut-il les enfouir,\u00a0les dessaler ? Peut-on les mettre sur toutes les cultures ? A quelle\u00a0dilution ? C\u2019est \u00e0 toutes\u00a0ces questions que r\u00e9pondra la conf\u00e9rence anim\u00e9e par R\u00e9gine Qu\u00e9va, auteure et conf\u00e9renci\u00e8re.<\/div><\/div>\n\t\t\t\t\t\t\t<\/div>\n\t\t<\/div>\n\t\t\t\t\t\t<\/div>\n\t\t\t\t<\/div>\n\t\t\t\t\t<\/div>\n\t\t<\/div>\n\t\t\t\t\t<\/div>\n\t\t<\/section>\n\t\t\t\t<section class=\"elementor-section elementor-top-section elementor-element elementor-element-be95e0b elementor-section-boxed elementor-section-height-default elementor-section-height-default\" data-id=\"be95e0b\" data-element_type=\"section\" data-e-type=\"section\">\n\t\t\t\t\t\t<div class=\"elementor-container elementor-column-gap-default\">\n\t\t\t\t\t<div class=\"elementor-column elementor-col-100 elementor-top-column elementor-element elementor-element-53a3371\" data-id=\"53a3371\" data-element_type=\"column\" data-e-type=\"column\">\n\t\t\t<div class=\"elementor-widget-wrap elementor-element-populated\">\n\t\t\t\t\t\t<div class=\"elementor-element elementor-element-97c356f elementor-widget elementor-widget-text-editor\" data-id=\"97c356f\" data-element_type=\"widget\" data-e-type=\"widget\" data-widget_type=\"text-editor.default\">\n\t\t\t\t<div class=\"elementor-widget-container\">\n\t\t\t\t\t\t\t\t\t<p><b>Contactez moi pour organiser une conf\u00e9rence<\/b><\/p>\t\t\t\t\t\t\t\t<\/div>\n\t\t\t\t<\/div>\n\t\t\t\t\t<\/div>\n\t\t<\/div>\n\t\t\t\t\t<\/div>\n\t\t<\/section>\n\t\t\t\t<section class=\"elementor-section elementor-top-section elementor-element elementor-element-2f2f471 elementor-section-boxed elementor-section-height-default elementor-section-height-default\" data-id=\"2f2f471\" data-element_type=\"section\" data-e-type=\"section\">\n\t\t\t\t\t\t<div class=\"elementor-container elementor-column-gap-default\">\n\t\t\t\t\t<div class=\"elementor-column elementor-col-100 elementor-top-column elementor-element elementor-element-c5a5545\" data-id=\"c5a5545\" data-element_type=\"column\" data-e-type=\"column\">\n\t\t\t<div class=\"elementor-widget-wrap elementor-element-populated\">\n\t\t\t\t\t\t<div class=\"elementor-element elementor-element-79562d2 elementor-widget elementor-widget-text-editor\" data-id=\"79562d2\" data-element_type=\"widget\" data-e-type=\"widget\" data-widget_type=\"text-editor.default\">\n\t\t\t\t<div class=\"elementor-widget-container\">\n\t\t\t\t\t\t\t\t\t<p>\n<div class=\"wpcf7 no-js\" id=\"wpcf7-f1307-o1\" lang=\"fr-FR\" dir=\"ltr\" data-wpcf7-id=\"1307\">\n<div class=\"screen-reader-response\"><p role=\"status\" aria-live=\"polite\" aria-atomic=\"true\"><\/p> <ul><\/ul><\/div>\n<form action=\"\/index.php?rest_route=%2Fwp%2Fv2%2Fpages%2F2872#wpcf7-f1307-o1\" method=\"post\" class=\"wpcf7-form init\" aria-label=\"Formulaire de contact\" novalidate=\"novalidate\" data-status=\"init\">\n<fieldset class=\"hidden-fields-container\"><input type=\"hidden\" name=\"_wpcf7\" value=\"1307\" \/><input type=\"hidden\" name=\"_wpcf7_version\" value=\"6.1.5\" \/><input type=\"hidden\" name=\"_wpcf7_locale\" value=\"fr_FR\" \/><input type=\"hidden\" name=\"_wpcf7_unit_tag\" value=\"wpcf7-f1307-o1\" \/><input type=\"hidden\" name=\"_wpcf7_container_post\" value=\"0\" \/><input type=\"hidden\" name=\"_wpcf7_posted_data_hash\" value=\"\" \/>\n<\/fieldset>\n<p><label> Votre nom (obligatoire)<br \/>\n<span class=\"wpcf7-form-control-wrap\" data-name=\"your-name\"><input size=\"40\" maxlength=\"400\" class=\"wpcf7-form-control wpcf7-text wpcf7-validates-as-required\" aria-required=\"true\" aria-invalid=\"false\" value=\"\" type=\"text\" name=\"your-name\" \/><\/span> <\/label>\n<\/p>\n<p><label> Votre e-mail (obligatoire)<br \/>\n<span class=\"wpcf7-form-control-wrap\" data-name=\"your-email\"><input size=\"40\" maxlength=\"400\" class=\"wpcf7-form-control wpcf7-email wpcf7-validates-as-required wpcf7-text wpcf7-validates-as-email\" aria-required=\"true\" aria-invalid=\"false\" value=\"\" type=\"email\" name=\"your-email\" \/><\/span> <\/label>\n<\/p>\n<p><label> Sujet<br \/>\n<span class=\"wpcf7-form-control-wrap\" data-name=\"your-subject\"><input size=\"40\" maxlength=\"400\" class=\"wpcf7-form-control wpcf7-text\" aria-invalid=\"false\" value=\"\" type=\"text\" name=\"your-subject\" \/><\/span> <\/label>\n<\/p>\n<p><label> Votre message<br \/>\n<span class=\"wpcf7-form-control-wrap\" data-name=\"your-message\"><textarea cols=\"40\" rows=\"10\" maxlength=\"2000\" class=\"wpcf7-form-control wpcf7-textarea\" aria-invalid=\"false\" name=\"your-message\"><\/textarea><\/span> <\/label>\n<\/p>\n<p><input class=\"wpcf7-form-control wpcf7-submit has-spinner\" type=\"submit\" value=\"Envoyer\" \/>\n<\/p><p style=\"display: none !important;\" class=\"akismet-fields-container\" data-prefix=\"_wpcf7_ak_\"><label>&#916;<textarea name=\"_wpcf7_ak_hp_textarea\" cols=\"45\" rows=\"8\" maxlength=\"100\"><\/textarea><\/label><input type=\"hidden\" id=\"ak_js_1\" name=\"_wpcf7_ak_js\" value=\"248\"\/><script>\ndocument.getElementById( \"ak_js_1\" ).setAttribute( \"value\", ( new Date() ).getTime() );\n<\/script>\n<\/p><div class=\"wpcf7-response-output\" aria-hidden=\"true\"><\/div>\n<\/form>\n<\/div>\n<\/p>\t\t\t\t\t\t\t\t<\/div>\n\t\t\t\t<\/div>\n\t\t\t\t\t<\/div>\n\t\t<\/div>\n\t\t\t\t\t<\/div>\n\t\t<\/section>\n\t\t\t\t<\/div>\n\t\t","protected":false},"excerpt":{"rendered":"<p>Vous souhaitez une conf\u00e9rence ? Quelle bonne id\u00e9e ! Choisissez le th\u00e8me\u00a0.Ces conf\u00e9rences peuvent \u00eatre suivies d\u2019une d\u00e9gustation.\u00a0Me contacter pour un devis Conf\u00e9rences sur les algues Conf\u00e9rences sur les produits naturels Conf\u00e9rences sur les algues \u2022 Les algues c&rsquo;est la sant\u00e9 !Les algues sont-elles vraiment bonnes pour\u00a0notre sant\u00e9 ? Que nous apportent-elles ? Y a-t-il [&hellip;]<\/p>\n","protected":false},"author":1,"featured_media":0,"parent":0,"menu_order":0,"comment_status":"closed","ping_status":"closed","template":"","meta":{"_crdt_document":"","ocean_post_layout":"","ocean_both_sidebars_style":"","ocean_both_sidebars_content_width":0,"ocean_both_sidebars_sidebars_width":0,"ocean_sidebar":"0","ocean_second_sidebar":"0","ocean_disable_margins":"enable","ocean_add_body_class":"","ocean_shortcode_before_top_bar":"","ocean_shortcode_after_top_bar":"","ocean_shortcode_before_header":"","ocean_shortcode_after_header":"","ocean_has_shortcode":"","ocean_shortcode_after_title":"","ocean_shortcode_before_footer_widgets":"","ocean_shortcode_after_footer_widgets":"","ocean_shortcode_before_footer_bottom":"","ocean_shortcode_after_footer_bottom":"","ocean_display_top_bar":"default","ocean_display_header":"default","ocean_header_style":"","ocean_center_header_left_menu":"0","ocean_custom_header_template":"0","ocean_custom_logo":0,"ocean_custom_retina_logo":0,"ocean_custom_logo_max_width":0,"ocean_custom_logo_tablet_max_width":0,"ocean_custom_logo_mobile_max_width":0,"ocean_custom_logo_max_height":0,"ocean_custom_logo_tablet_max_height":0,"ocean_custom_logo_mobile_max_height":0,"ocean_header_custom_menu":"0","ocean_menu_typo_font_family":"0","ocean_menu_typo_font_subset":"","ocean_menu_typo_font_size":0,"ocean_menu_typo_font_size_tablet":0,"ocean_menu_typo_font_size_mobile":0,"ocean_menu_typo_font_size_unit":"px","ocean_menu_typo_font_weight":"","ocean_menu_typo_font_weight_tablet":"","ocean_menu_typo_font_weight_mobile":"","ocean_menu_typo_transform":"","ocean_menu_typo_transform_tablet":"","ocean_menu_typo_transform_mobile":"","ocean_menu_typo_line_height":0,"ocean_menu_typo_line_height_tablet":0,"ocean_menu_typo_line_height_mobile":0,"ocean_menu_typo_line_height_unit":"","ocean_menu_typo_spacing":0,"ocean_menu_typo_spacing_tablet":0,"ocean_menu_typo_spacing_mobile":0,"ocean_menu_typo_spacing_unit":"","ocean_menu_link_color":"","ocean_menu_link_color_hover":"","ocean_menu_link_color_active":"","ocean_menu_link_background":"","ocean_menu_link_hover_background":"","ocean_menu_link_active_background":"","ocean_menu_social_links_bg":"","ocean_menu_social_hover_links_bg":"","ocean_menu_social_links_color":"","ocean_menu_social_hover_links_color":"","ocean_disable_title":"default","ocean_disable_heading":"default","ocean_post_title":"","ocean_post_subheading":"","ocean_post_title_style":"","ocean_post_title_background_color":"","ocean_post_title_background":0,"ocean_post_title_bg_image_position":"","ocean_post_title_bg_image_attachment":"","ocean_post_title_bg_image_repeat":"","ocean_post_title_bg_image_size":"","ocean_post_title_height":0,"ocean_post_title_bg_overlay":0.5,"ocean_post_title_bg_overlay_color":"","ocean_disable_breadcrumbs":"default","ocean_breadcrumbs_color":"","ocean_breadcrumbs_separator_color":"","ocean_breadcrumbs_links_color":"","ocean_breadcrumbs_links_hover_color":"","ocean_display_footer_widgets":"default","ocean_display_footer_bottom":"default","ocean_custom_footer_template":"0","footnotes":""},"class_list":["post-2872","page","type-page","status-publish","hentry","entry"],"_links":{"self":[{"href":"http:\/\/www.reginequeva.fr\/index.php?rest_route=\/wp\/v2\/pages\/2872","targetHints":{"allow":["GET"]}}],"collection":[{"href":"http:\/\/www.reginequeva.fr\/index.php?rest_route=\/wp\/v2\/pages"}],"about":[{"href":"http:\/\/www.reginequeva.fr\/index.php?rest_route=\/wp\/v2\/types\/page"}],"author":[{"embeddable":true,"href":"http:\/\/www.reginequeva.fr\/index.php?rest_route=\/wp\/v2\/users\/1"}],"replies":[{"embeddable":true,"href":"http:\/\/www.reginequeva.fr\/index.php?rest_route=%2Fwp%2Fv2%2Fcomments&post=2872"}],"version-history":[{"count":29,"href":"http:\/\/www.reginequeva.fr\/index.php?rest_route=\/wp\/v2\/pages\/2872\/revisions"}],"predecessor-version":[{"id":7776,"href":"http:\/\/www.reginequeva.fr\/index.php?rest_route=\/wp\/v2\/pages\/2872\/revisions\/7776"}],"wp:attachment":[{"href":"http:\/\/www.reginequeva.fr\/index.php?rest_route=%2Fwp%2Fv2%2Fmedia&parent=2872"}],"curies":[{"name":"wp","href":"https:\/\/api.w.org\/{rel}","templated":true}]}}