{"id":6650,"date":"2021-04-07T11:52:02","date_gmt":"2021-04-07T09:52:02","guid":{"rendered":"http:\/\/www.reginequeva.fr\/?page_id=6650"},"modified":"2022-03-06T12:35:21","modified_gmt":"2022-03-06T11:35:21","slug":"autosuffisance","status":"publish","type":"page","link":"http:\/\/www.reginequeva.fr\/?page_id=6650","title":{"rendered":"En route vers l&rsquo;autosuffisance"},"content":{"rendered":"\t\t<div data-elementor-type=\"wp-page\" data-elementor-id=\"6650\" class=\"elementor elementor-6650\" data-elementor-post-type=\"page\">\n\t\t\t\t\t\t<section class=\"elementor-section elementor-top-section elementor-element elementor-element-2b53fd0 elementor-section-boxed elementor-section-height-default elementor-section-height-default\" data-id=\"2b53fd0\" data-element_type=\"section\" data-e-type=\"section\">\n\t\t\t\t\t\t<div class=\"elementor-container elementor-column-gap-default\">\n\t\t\t\t\t<div class=\"elementor-column elementor-col-100 elementor-top-column elementor-element elementor-element-5c04329\" data-id=\"5c04329\" data-element_type=\"column\" data-e-type=\"column\">\n\t\t\t<div class=\"elementor-widget-wrap elementor-element-populated\">\n\t\t\t\t\t\t<div class=\"elementor-element elementor-element-70e1120 elementor-widget elementor-widget-heading\" data-id=\"70e1120\" data-element_type=\"widget\" data-e-type=\"widget\" data-widget_type=\"heading.default\">\n\t\t\t\t<div class=\"elementor-widget-container\">\n\t\t\t\t\t<h1 class=\"elementor-heading-title elementor-size-large\">En route vers l'autosuffisance<\/h1>\t\t\t\t<\/div>\n\t\t\t\t<\/div>\n\t\t\t\t\t<\/div>\n\t\t<\/div>\n\t\t\t\t\t<\/div>\n\t\t<\/section>\n\t\t\t\t<section class=\"elementor-section elementor-top-section elementor-element elementor-element-bed9dc1 elementor-section-boxed elementor-section-height-default elementor-section-height-default elementor-invisible\" data-id=\"bed9dc1\" data-element_type=\"section\" data-e-type=\"section\" data-settings=\"{&quot;animation&quot;:&quot;fadeInDown&quot;}\">\n\t\t\t\t\t\t<div class=\"elementor-container elementor-column-gap-default\">\n\t\t\t\t\t<div class=\"elementor-column elementor-col-100 elementor-top-column elementor-element elementor-element-9e97cf0\" data-id=\"9e97cf0\" data-element_type=\"column\" data-e-type=\"column\">\n\t\t\t<div class=\"elementor-widget-wrap elementor-element-populated\">\n\t\t\t\t\t\t<div class=\"elementor-element elementor-element-8d15b69 elementor-widget elementor-widget-heading\" data-id=\"8d15b69\" data-element_type=\"widget\" data-e-type=\"widget\" data-widget_type=\"heading.default\">\n\t\t\t\t<div class=\"elementor-widget-container\">\n\t\t\t\t\t<h2 class=\"elementor-heading-title elementor-size-default\">Vous \u00eates chez vous ? \nVous voulez \u00eatre autonome et savoir tout faire ? \nCe livre est fait pour vous.<\/h2>\t\t\t\t<\/div>\n\t\t\t\t<\/div>\n\t\t\t\t<div class=\"elementor-element elementor-element-8387679 elementor-widget elementor-widget-text-editor\" data-id=\"8387679\" data-element_type=\"widget\" data-e-type=\"widget\" data-widget_type=\"text-editor.default\">\n\t\t\t\t<div class=\"elementor-widget-container\">\n\t\t\t\t\t\t\t\t\t<h2><span style=\"font-size: 16px; color: var( --e-global-color-text );\">D\u00e9couvrez comment filtrer de l\u2019eau, produire (un peu) d\u2019\u00e9lectricit\u00e9 simplement, semer, cultiver et vous nourrir facilement, faire vos conserves, votre levain, votre pain quotidien\u2026 Bref, apprenez \u00e0 vivre le plus simplement du monde.<\/span><br><\/h2>\n<p><em>Disponible dans les librairies essentielles \u00e0 partir du 14 avril<\/em><br><em>14,90 \u20ac<\/em><\/p>\t\t\t\t\t\t\t\t<\/div>\n\t\t\t\t<\/div>\n\t\t\t\t\t<\/div>\n\t\t<\/div>\n\t\t\t\t\t<\/div>\n\t\t<\/section>\n\t\t\t\t<section class=\"elementor-section elementor-top-section elementor-element elementor-element-c0e6ae3 elementor-section-boxed elementor-section-height-default elementor-section-height-default\" data-id=\"c0e6ae3\" data-element_type=\"section\" data-e-type=\"section\">\n\t\t\t\t\t\t<div class=\"elementor-container elementor-column-gap-default\">\n\t\t\t\t\t<div class=\"elementor-column elementor-col-33 elementor-top-column elementor-element elementor-element-4c84524\" data-id=\"4c84524\" data-element_type=\"column\" data-e-type=\"column\">\n\t\t\t<div class=\"elementor-widget-wrap elementor-element-populated\">\n\t\t\t\t\t\t<div class=\"elementor-element elementor-element-2f3ba42 elementor-invisible elementor-widget elementor-widget-image\" data-id=\"2f3ba42\" data-element_type=\"widget\" data-e-type=\"widget\" data-settings=\"{&quot;_animation&quot;:&quot;fadeInLeft&quot;}\" data-widget_type=\"image.default\">\n\t\t\t\t<div class=\"elementor-widget-container\">\n\t\t\t\t\t\t\t\t\t\t\t\t\t\t\t\t<a href=\"http:\/\/www.reginequeva.fr\/wp-content\/uploads\/2021\/04\/BAT-COUV-EnRouteAutosuffisance-1.jpg\" data-elementor-open-lightbox=\"yes\" data-elementor-lightbox-title=\"COUV-EnRouteAutosuffisance\" data-e-action-hash=\"#elementor-action%3Aaction%3Dlightbox%26settings%3DeyJpZCI6NjY1MiwidXJsIjoiaHR0cDpcL1wvd3d3LnJlZ2luZXF1ZXZhLmZyXC93cC1jb250ZW50XC91cGxvYWRzXC8yMDIxXC8wNFwvQkFULUNPVVYtRW5Sb3V0ZUF1dG9zdWZmaXNhbmNlLTEuanBnIn0%3D\">\n\t\t\t\t\t\t\t<img fetchpriority=\"high\" decoding=\"async\" width=\"820\" height=\"1024\" src=\"http:\/\/www.reginequeva.fr\/wp-content\/uploads\/2021\/04\/BAT-COUV-EnRouteAutosuffisance-1-820x1024.jpg\" class=\"attachment-large size-large wp-image-6652\" alt=\"\" srcset=\"http:\/\/www.reginequeva.fr\/wp-content\/uploads\/2021\/04\/BAT-COUV-EnRouteAutosuffisance-1-820x1024.jpg 820w, http:\/\/www.reginequeva.fr\/wp-content\/uploads\/2021\/04\/BAT-COUV-EnRouteAutosuffisance-1-240x300.jpg 240w, http:\/\/www.reginequeva.fr\/wp-content\/uploads\/2021\/04\/BAT-COUV-EnRouteAutosuffisance-1-768x959.jpg 768w, http:\/\/www.reginequeva.fr\/wp-content\/uploads\/2021\/04\/BAT-COUV-EnRouteAutosuffisance-1.jpg 1000w\" sizes=\"(max-width: 820px) 100vw, 820px\" \/>\t\t\t\t\t\t\t\t<\/a>\n\t\t\t\t\t\t\t\t\t\t\t\t\t\t\t<\/div>\n\t\t\t\t<\/div>\n\t\t\t\t\t<\/div>\n\t\t<\/div>\n\t\t\t\t<div class=\"elementor-column elementor-col-66 elementor-top-column elementor-element elementor-element-62d535d\" data-id=\"62d535d\" data-element_type=\"column\" data-e-type=\"column\">\n\t\t\t<div class=\"elementor-widget-wrap elementor-element-populated\">\n\t\t\t\t\t\t<div class=\"elementor-element elementor-element-b0eb333 elementor-invisible elementor-widget elementor-widget-image\" data-id=\"b0eb333\" data-element_type=\"widget\" data-e-type=\"widget\" data-settings=\"{&quot;_animation&quot;:&quot;fadeInRight&quot;}\" data-widget_type=\"image.default\">\n\t\t\t\t<div class=\"elementor-widget-container\">\n\t\t\t\t\t\t\t\t\t\t\t\t\t\t\t\t<a href=\"http:\/\/www.reginequeva.fr\/wp-content\/uploads\/2021\/04\/BAT-4eCOUV-EnRouteAutosuffisance-1.jpg\" data-elementor-open-lightbox=\"yes\" data-elementor-lightbox-title=\"4em-EnRouteAutosuffisance\" data-e-action-hash=\"#elementor-action%3Aaction%3Dlightbox%26settings%3DeyJpZCI6NjY1MywidXJsIjoiaHR0cDpcL1wvd3d3LnJlZ2luZXF1ZXZhLmZyXC93cC1jb250ZW50XC91cGxvYWRzXC8yMDIxXC8wNFwvQkFULTRlQ09VVi1FblJvdXRlQXV0b3N1ZmZpc2FuY2UtMS5qcGcifQ%3D%3D\">\n\t\t\t\t\t\t\t<img decoding=\"async\" width=\"819\" height=\"1024\" src=\"http:\/\/www.reginequeva.fr\/wp-content\/uploads\/2021\/04\/BAT-4eCOUV-EnRouteAutosuffisance-1-819x1024.jpg\" class=\"attachment-large size-large wp-image-6653\" alt=\"\" srcset=\"http:\/\/www.reginequeva.fr\/wp-content\/uploads\/2021\/04\/BAT-4eCOUV-EnRouteAutosuffisance-1-819x1024.jpg 819w, http:\/\/www.reginequeva.fr\/wp-content\/uploads\/2021\/04\/BAT-4eCOUV-EnRouteAutosuffisance-1-240x300.jpg 240w, http:\/\/www.reginequeva.fr\/wp-content\/uploads\/2021\/04\/BAT-4eCOUV-EnRouteAutosuffisance-1-768x961.jpg 768w, http:\/\/www.reginequeva.fr\/wp-content\/uploads\/2021\/04\/BAT-4eCOUV-EnRouteAutosuffisance-1.jpg 1000w\" sizes=\"(max-width: 819px) 100vw, 819px\" \/>\t\t\t\t\t\t\t\t<\/a>\n\t\t\t\t\t\t\t\t\t\t\t\t\t\t\t<\/div>\n\t\t\t\t<\/div>\n\t\t\t\t\t<\/div>\n\t\t<\/div>\n\t\t\t\t\t<\/div>\n\t\t<\/section>\n\t\t\t\t<\/div>\n\t\t","protected":false},"excerpt":{"rendered":"<p>En route vers l&rsquo;autosuffisance Vous \u00eates chez vous ? Vous voulez \u00eatre autonome et savoir tout faire ? Ce livre est fait pour vous. D\u00e9couvrez comment filtrer de l\u2019eau, produire (un peu) d\u2019\u00e9lectricit\u00e9 simplement, semer, cultiver et vous nourrir facilement, faire vos conserves, votre levain, votre pain quotidien\u2026 Bref, apprenez \u00e0 vivre le plus simplement [&hellip;]<\/p>\n","protected":false},"author":1,"featured_media":0,"parent":0,"menu_order":0,"comment_status":"closed","ping_status":"closed","template":"","meta":{"_crdt_document":"","ocean_post_layout":"","ocean_both_sidebars_style":"","ocean_both_sidebars_content_width":0,"ocean_both_sidebars_sidebars_width":0,"ocean_sidebar":"0","ocean_second_sidebar":"0","ocean_disable_margins":"enable","ocean_add_body_class":"","ocean_shortcode_before_top_bar":"","ocean_shortcode_after_top_bar":"","ocean_shortcode_before_header":"","ocean_shortcode_after_header":"","ocean_has_shortcode":"","ocean_shortcode_after_title":"","ocean_shortcode_before_footer_widgets":"","ocean_shortcode_after_footer_widgets":"","ocean_shortcode_before_footer_bottom":"","ocean_shortcode_after_footer_bottom":"","ocean_display_top_bar":"default","ocean_display_header":"default","ocean_header_style":"","ocean_center_header_left_menu":"0","ocean_custom_header_template":"0","ocean_custom_logo":0,"ocean_custom_retina_logo":0,"ocean_custom_logo_max_width":0,"ocean_custom_logo_tablet_max_width":0,"ocean_custom_logo_mobile_max_width":0,"ocean_custom_logo_max_height":0,"ocean_custom_logo_tablet_max_height":0,"ocean_custom_logo_mobile_max_height":0,"ocean_header_custom_menu":"0","ocean_menu_typo_font_family":"0","ocean_menu_typo_font_subset":"","ocean_menu_typo_font_size":0,"ocean_menu_typo_font_size_tablet":0,"ocean_menu_typo_font_size_mobile":0,"ocean_menu_typo_font_size_unit":"px","ocean_menu_typo_font_weight":"","ocean_menu_typo_font_weight_tablet":"","ocean_menu_typo_font_weight_mobile":"","ocean_menu_typo_transform":"","ocean_menu_typo_transform_tablet":"","ocean_menu_typo_transform_mobile":"","ocean_menu_typo_line_height":0,"ocean_menu_typo_line_height_tablet":0,"ocean_menu_typo_line_height_mobile":0,"ocean_menu_typo_line_height_unit":"","ocean_menu_typo_spacing":0,"ocean_menu_typo_spacing_tablet":0,"ocean_menu_typo_spacing_mobile":0,"ocean_menu_typo_spacing_unit":"","ocean_menu_link_color":"","ocean_menu_link_color_hover":"","ocean_menu_link_color_active":"","ocean_menu_link_background":"","ocean_menu_link_hover_background":"","ocean_menu_link_active_background":"","ocean_menu_social_links_bg":"","ocean_menu_social_hover_links_bg":"","ocean_menu_social_links_color":"","ocean_menu_social_hover_links_color":"","ocean_disable_title":"default","ocean_disable_heading":"default","ocean_post_title":"","ocean_post_subheading":"","ocean_post_title_style":"","ocean_post_title_background_color":"","ocean_post_title_background":0,"ocean_post_title_bg_image_position":"","ocean_post_title_bg_image_attachment":"","ocean_post_title_bg_image_repeat":"","ocean_post_title_bg_image_size":"","ocean_post_title_height":0,"ocean_post_title_bg_overlay":0.5,"ocean_post_title_bg_overlay_color":"","ocean_disable_breadcrumbs":"default","ocean_breadcrumbs_color":"","ocean_breadcrumbs_separator_color":"","ocean_breadcrumbs_links_color":"","ocean_breadcrumbs_links_hover_color":"","ocean_display_footer_widgets":"default","ocean_display_footer_bottom":"default","ocean_custom_footer_template":"0","footnotes":""},"class_list":["post-6650","page","type-page","status-publish","hentry","entry"],"_links":{"self":[{"href":"http:\/\/www.reginequeva.fr\/index.php?rest_route=\/wp\/v2\/pages\/6650","targetHints":{"allow":["GET"]}}],"collection":[{"href":"http:\/\/www.reginequeva.fr\/index.php?rest_route=\/wp\/v2\/pages"}],"about":[{"href":"http:\/\/www.reginequeva.fr\/index.php?rest_route=\/wp\/v2\/types\/page"}],"author":[{"embeddable":true,"href":"http:\/\/www.reginequeva.fr\/index.php?rest_route=\/wp\/v2\/users\/1"}],"replies":[{"embeddable":true,"href":"http:\/\/www.reginequeva.fr\/index.php?rest_route=%2Fwp%2Fv2%2Fcomments&post=6650"}],"version-history":[{"count":17,"href":"http:\/\/www.reginequeva.fr\/index.php?rest_route=\/wp\/v2\/pages\/6650\/revisions"}],"predecessor-version":[{"id":7703,"href":"http:\/\/www.reginequeva.fr\/index.php?rest_route=\/wp\/v2\/pages\/6650\/revisions\/7703"}],"wp:attachment":[{"href":"http:\/\/www.reginequeva.fr\/index.php?rest_route=%2Fwp%2Fv2%2Fmedia&parent=6650"}],"curies":[{"name":"wp","href":"https:\/\/api.w.org\/{rel}","templated":true}]}}