{"id":7608,"date":"2022-03-06T10:35:25","date_gmt":"2022-03-06T09:35:25","guid":{"rendered":"http:\/\/www.reginequeva.fr\/?page_id=7608"},"modified":"2022-03-06T12:34:02","modified_gmt":"2022-03-06T11:34:02","slug":"le-potager-sans-se-planter","status":"publish","type":"page","link":"http:\/\/www.reginequeva.fr\/?page_id=7608","title":{"rendered":"Le potager sans se planter"},"content":{"rendered":"\t\t<div data-elementor-type=\"wp-page\" data-elementor-id=\"7608\" class=\"elementor elementor-7608\" data-elementor-post-type=\"page\">\n\t\t\t\t\t\t<section class=\"elementor-section elementor-top-section elementor-element elementor-element-9528429 elementor-section-boxed elementor-section-height-default elementor-section-height-default\" data-id=\"9528429\" data-element_type=\"section\" data-e-type=\"section\">\n\t\t\t\t\t\t<div class=\"elementor-container elementor-column-gap-default\">\n\t\t\t\t\t<div class=\"elementor-column elementor-col-50 elementor-top-column elementor-element elementor-element-89b5d31\" data-id=\"89b5d31\" data-element_type=\"column\" data-e-type=\"column\">\n\t\t\t<div class=\"elementor-widget-wrap elementor-element-populated\">\n\t\t\t\t\t\t<div class=\"elementor-element elementor-element-06407cc elementor-invisible elementor-widget elementor-widget-image\" data-id=\"06407cc\" data-element_type=\"widget\" data-e-type=\"widget\" data-settings=\"{&quot;_animation&quot;:&quot;fadeInLeft&quot;}\" data-widget_type=\"image.default\">\n\t\t\t\t<div class=\"elementor-widget-container\">\n\t\t\t\t\t\t\t\t\t\t\t\t<figure class=\"wp-caption\">\n\t\t\t\t\t\t\t\t\t\t<img fetchpriority=\"high\" decoding=\"async\" width=\"790\" height=\"958\" src=\"http:\/\/www.reginequeva.fr\/wp-content\/uploads\/2022\/03\/Couv.jpg\" class=\"attachment-large size-large wp-image-7579\" alt=\"\" srcset=\"http:\/\/www.reginequeva.fr\/wp-content\/uploads\/2022\/03\/Couv.jpg 790w, http:\/\/www.reginequeva.fr\/wp-content\/uploads\/2022\/03\/Couv-247x300.jpg 247w, http:\/\/www.reginequeva.fr\/wp-content\/uploads\/2022\/03\/Couv-768x931.jpg 768w\" sizes=\"(max-width: 790px) 100vw, 790px\" \/>\t\t\t\t\t\t\t\t\t\t\t<figcaption class=\"widget-image-caption wp-caption-text\">LE POTAGER SANS SE PLANTER \u2022 \u00c9ditions LAROUSSE<\/figcaption>\n\t\t\t\t\t\t\t\t\t\t<\/figure>\n\t\t\t\t\t\t\t\t\t<\/div>\n\t\t\t\t<\/div>\n\t\t\t\t\t<\/div>\n\t\t<\/div>\n\t\t\t\t<div class=\"elementor-column elementor-col-50 elementor-top-column elementor-element elementor-element-c63fec0\" data-id=\"c63fec0\" data-element_type=\"column\" data-e-type=\"column\">\n\t\t\t<div class=\"elementor-widget-wrap elementor-element-populated\">\n\t\t\t\t\t\t<div class=\"elementor-element elementor-element-b83a5c0 elementor-widget elementor-widget-heading\" data-id=\"b83a5c0\" data-element_type=\"widget\" data-e-type=\"widget\" data-widget_type=\"heading.default\">\n\t\t\t\t<div class=\"elementor-widget-container\">\n\t\t\t\t\t<h1 class=\"elementor-heading-title elementor-size-default\">LE POTAGER CE N\u2019EST PAS SI COMPLIQU\u00c9 !<\/h1>\t\t\t\t<\/div>\n\t\t\t\t<\/div>\n\t\t\t\t<div class=\"elementor-element elementor-element-988504d elementor-widget elementor-widget-heading\" data-id=\"988504d\" data-element_type=\"widget\" data-e-type=\"widget\" data-widget_type=\"heading.default\">\n\t\t\t\t<div class=\"elementor-widget-container\">\n\t\t\t\t\t<h2 class=\"elementor-heading-title elementor-size-default\">SIMPLE, ACCESSIBLE ET TR\u00c8S VISUEL, CE LIVRE EST FAIT POUR LES D\u00c9BUTANTS EN QU\u00caTE DE CONSEILS EXP\u00c9RIMENT\u00c9S.<\/h2>\t\t\t\t<\/div>\n\t\t\t\t<\/div>\n\t\t\t\t<div class=\"elementor-element elementor-element-c2629f2 elementor-invisible elementor-widget elementor-widget-text-editor\" data-id=\"c2629f2\" data-element_type=\"widget\" data-e-type=\"widget\" data-settings=\"{&quot;_animation&quot;:&quot;fadeInRight&quot;}\" data-widget_type=\"text-editor.default\">\n\t\t\t\t<div class=\"elementor-widget-container\">\n\t\t\t\t\t\t\t\t\t<h1><span style=\"font-size: 16px; color: var( --e-global-color-text );\">Mois apr\u00e8s mois, \u00e0 travers de multiples pas \u00e0 pas, R\u00e9gine Qu\u00e9va, avec ses conseils marqu\u00e9s au coin du bon sens, explique les gestes essentiels, les semis et plantations \u00e0 r\u00e9aliser, les tailles \u00e0 faire\u2026<\/span><\/h1><p>Du potager au jardin d\u2019agr\u00e9ment, tout est abord\u00e9 pour donner des rep\u00e8res simples aux jardiniers en herbe.<\/p><p>Une vraie bible du potager agr\u00e9ment\u00e9e d\u2019une multitude de photos pratiques&#8230;<\/p><p>Dans toutes les librairies &#8211;\u00a0<span style=\"color: var( --e-global-color-text ); font-size: 16px;\">15,90 \u20ac<\/span><\/p>\t\t\t\t\t\t\t\t<\/div>\n\t\t\t\t<\/div>\n\t\t\t\t\t<\/div>\n\t\t<\/div>\n\t\t\t\t\t<\/div>\n\t\t<\/section>\n\t\t\t\t<section class=\"elementor-section elementor-top-section elementor-element elementor-element-f1842f3 elementor-section-boxed elementor-section-height-default elementor-section-height-default\" data-id=\"f1842f3\" data-element_type=\"section\" data-e-type=\"section\">\n\t\t\t\t\t\t<div class=\"elementor-container elementor-column-gap-default\">\n\t\t\t\t\t<div class=\"elementor-column elementor-col-100 elementor-top-column elementor-element elementor-element-9f57d89\" data-id=\"9f57d89\" data-element_type=\"column\" data-e-type=\"column\">\n\t\t\t<div class=\"elementor-widget-wrap elementor-element-populated\">\n\t\t\t\t\t\t<div class=\"elementor-element elementor-element-ef1da30 elementor-invisible elementor-widget elementor-widget-image\" data-id=\"ef1da30\" data-element_type=\"widget\" data-e-type=\"widget\" data-settings=\"{&quot;_animation&quot;:&quot;fadeInUp&quot;}\" data-widget_type=\"image.default\">\n\t\t\t\t<div class=\"elementor-widget-container\">\n\t\t\t\t\t\t\t\t\t\t\t\t\t\t\t\t<a href=\"http:\/\/www.reginequeva.fr\/wp-content\/uploads\/2022\/03\/Le-potager-sans-se-planter-scaled.jpg\" data-elementor-open-lightbox=\"yes\" data-elementor-lightbox-title=\"Le-potager-sans-se-planter\" data-e-action-hash=\"#elementor-action%3Aaction%3Dlightbox%26settings%3DeyJpZCI6NzYxMCwidXJsIjoiaHR0cDpcL1wvd3d3LnJlZ2luZXF1ZXZhLmZyXC93cC1jb250ZW50XC91cGxvYWRzXC8yMDIyXC8wM1wvTGUtcG90YWdlci1zYW5zLXNlLXBsYW50ZXItc2NhbGVkLmpwZyJ9\">\n\t\t\t\t\t\t\t<img decoding=\"async\" width=\"1075\" height=\"1536\" src=\"http:\/\/www.reginequeva.fr\/wp-content\/uploads\/2022\/03\/Le-potager-sans-se-planter-1075x1536.jpg\" class=\"attachment-1536x1536 size-1536x1536 wp-image-7610\" alt=\"\" srcset=\"http:\/\/www.reginequeva.fr\/wp-content\/uploads\/2022\/03\/Le-potager-sans-se-planter-1075x1536.jpg 1075w, http:\/\/www.reginequeva.fr\/wp-content\/uploads\/2022\/03\/Le-potager-sans-se-planter-210x300.jpg 210w, http:\/\/www.reginequeva.fr\/wp-content\/uploads\/2022\/03\/Le-potager-sans-se-planter-717x1024.jpg 717w, http:\/\/www.reginequeva.fr\/wp-content\/uploads\/2022\/03\/Le-potager-sans-se-planter-768x1097.jpg 768w, http:\/\/www.reginequeva.fr\/wp-content\/uploads\/2022\/03\/Le-potager-sans-se-planter-1433x2048.jpg 1433w, http:\/\/www.reginequeva.fr\/wp-content\/uploads\/2022\/03\/Le-potager-sans-se-planter-scaled.jpg 1792w\" sizes=\"(max-width: 1075px) 100vw, 1075px\" \/>\t\t\t\t\t\t\t\t<\/a>\n\t\t\t\t\t\t\t\t\t\t\t\t\t\t\t<\/div>\n\t\t\t\t<\/div>\n\t\t\t\t\t<\/div>\n\t\t<\/div>\n\t\t\t\t\t<\/div>\n\t\t<\/section>\n\t\t\t\t<\/div>\n\t\t","protected":false},"excerpt":{"rendered":"<p>LE POTAGER SANS SE PLANTER \u2022 \u00c9ditions LAROUSSE LE POTAGER CE N\u2019EST PAS SI COMPLIQU\u00c9 ! SIMPLE, ACCESSIBLE ET TR\u00c8S VISUEL, CE LIVRE EST FAIT POUR LES D\u00c9BUTANTS EN QU\u00caTE DE CONSEILS EXP\u00c9RIMENT\u00c9S. Mois apr\u00e8s mois, \u00e0 travers de multiples pas \u00e0 pas, R\u00e9gine Qu\u00e9va, avec ses conseils marqu\u00e9s au coin du bon sens, explique [&hellip;]<\/p>\n","protected":false},"author":1,"featured_media":0,"parent":0,"menu_order":0,"comment_status":"closed","ping_status":"closed","template":"","meta":{"_crdt_document":"","ocean_post_layout":"","ocean_both_sidebars_style":"","ocean_both_sidebars_content_width":0,"ocean_both_sidebars_sidebars_width":0,"ocean_sidebar":"0","ocean_second_sidebar":"0","ocean_disable_margins":"enable","ocean_add_body_class":"","ocean_shortcode_before_top_bar":"","ocean_shortcode_after_top_bar":"","ocean_shortcode_before_header":"","ocean_shortcode_after_header":"","ocean_has_shortcode":"","ocean_shortcode_after_title":"","ocean_shortcode_before_footer_widgets":"","ocean_shortcode_after_footer_widgets":"","ocean_shortcode_before_footer_bottom":"","ocean_shortcode_after_footer_bottom":"","ocean_display_top_bar":"default","ocean_display_header":"default","ocean_header_style":"","ocean_center_header_left_menu":"0","ocean_custom_header_template":"0","ocean_custom_logo":0,"ocean_custom_retina_logo":0,"ocean_custom_logo_max_width":0,"ocean_custom_logo_tablet_max_width":0,"ocean_custom_logo_mobile_max_width":0,"ocean_custom_logo_max_height":0,"ocean_custom_logo_tablet_max_height":0,"ocean_custom_logo_mobile_max_height":0,"ocean_header_custom_menu":"0","ocean_menu_typo_font_family":"0","ocean_menu_typo_font_subset":"","ocean_menu_typo_font_size":0,"ocean_menu_typo_font_size_tablet":0,"ocean_menu_typo_font_size_mobile":0,"ocean_menu_typo_font_size_unit":"px","ocean_menu_typo_font_weight":"","ocean_menu_typo_font_weight_tablet":"","ocean_menu_typo_font_weight_mobile":"","ocean_menu_typo_transform":"","ocean_menu_typo_transform_tablet":"","ocean_menu_typo_transform_mobile":"","ocean_menu_typo_line_height":0,"ocean_menu_typo_line_height_tablet":0,"ocean_menu_typo_line_height_mobile":0,"ocean_menu_typo_line_height_unit":"","ocean_menu_typo_spacing":0,"ocean_menu_typo_spacing_tablet":0,"ocean_menu_typo_spacing_mobile":0,"ocean_menu_typo_spacing_unit":"","ocean_menu_link_color":"","ocean_menu_link_color_hover":"","ocean_menu_link_color_active":"","ocean_menu_link_background":"","ocean_menu_link_hover_background":"","ocean_menu_link_active_background":"","ocean_menu_social_links_bg":"","ocean_menu_social_hover_links_bg":"","ocean_menu_social_links_color":"","ocean_menu_social_hover_links_color":"","ocean_disable_title":"default","ocean_disable_heading":"default","ocean_post_title":"","ocean_post_subheading":"","ocean_post_title_style":"","ocean_post_title_background_color":"","ocean_post_title_background":0,"ocean_post_title_bg_image_position":"","ocean_post_title_bg_image_attachment":"","ocean_post_title_bg_image_repeat":"","ocean_post_title_bg_image_size":"","ocean_post_title_height":0,"ocean_post_title_bg_overlay":0.5,"ocean_post_title_bg_overlay_color":"","ocean_disable_breadcrumbs":"default","ocean_breadcrumbs_color":"","ocean_breadcrumbs_separator_color":"","ocean_breadcrumbs_links_color":"","ocean_breadcrumbs_links_hover_color":"","ocean_display_footer_widgets":"default","ocean_display_footer_bottom":"default","ocean_custom_footer_template":"0","footnotes":""},"class_list":["post-7608","page","type-page","status-publish","hentry","entry"],"_links":{"self":[{"href":"http:\/\/www.reginequeva.fr\/index.php?rest_route=\/wp\/v2\/pages\/7608","targetHints":{"allow":["GET"]}}],"collection":[{"href":"http:\/\/www.reginequeva.fr\/index.php?rest_route=\/wp\/v2\/pages"}],"about":[{"href":"http:\/\/www.reginequeva.fr\/index.php?rest_route=\/wp\/v2\/types\/page"}],"author":[{"embeddable":true,"href":"http:\/\/www.reginequeva.fr\/index.php?rest_route=\/wp\/v2\/users\/1"}],"replies":[{"embeddable":true,"href":"http:\/\/www.reginequeva.fr\/index.php?rest_route=%2Fwp%2Fv2%2Fcomments&post=7608"}],"version-history":[{"count":16,"href":"http:\/\/www.reginequeva.fr\/index.php?rest_route=\/wp\/v2\/pages\/7608\/revisions"}],"predecessor-version":[{"id":7700,"href":"http:\/\/www.reginequeva.fr\/index.php?rest_route=\/wp\/v2\/pages\/7608\/revisions\/7700"}],"wp:attachment":[{"href":"http:\/\/www.reginequeva.fr\/index.php?rest_route=%2Fwp%2Fv2%2Fmedia&parent=7608"}],"curies":[{"name":"wp","href":"https:\/\/api.w.org\/{rel}","templated":true}]}}